{"id":33,"date":"2022-01-18T10:53:16","date_gmt":"2022-01-18T09:53:16","guid":{"rendered":"https:\/\/stellamarusch.com\/?page_id=33"},"modified":"2025-11-08T19:38:21","modified_gmt":"2025-11-08T18:38:21","slug":"impressum","status":"publish","type":"page","link":"https:\/\/stellamarusch.com\/de\/impressum\/","title":{"rendered":"Impressum"},"content":{"rendered":"\n<div class=\"wp-block-cover is-light pt__7 pb__8 pl__9 pr__14\"><img loading=\"lazy\" decoding=\"async\" width=\"1024\" height=\"724\" class=\"wp-block-cover__image-background wp-image-457\" alt=\"\" src=\"https:\/\/stellamarusch.com\/wp-content\/uploads\/2023\/01\/Impressum-WEB-Kopie-1-1024x724.jpg\" data-object-fit=\"cover\" srcset=\"https:\/\/stellamarusch.com\/wp-content\/uploads\/2023\/01\/Impressum-WEB-Kopie-1-1024x724.jpg 1024w, https:\/\/stellamarusch.com\/wp-content\/uploads\/2023\/01\/Impressum-WEB-Kopie-1-300x212.jpg 300w, https:\/\/stellamarusch.com\/wp-content\/uploads\/2023\/01\/Impressum-WEB-Kopie-1-768x543.jpg 768w, https:\/\/stellamarusch.com\/wp-content\/uploads\/2023\/01\/Impressum-WEB-Kopie-1-1536x1086.jpg 1536w, https:\/\/stellamarusch.com\/wp-content\/uploads\/2023\/01\/Impressum-WEB-Kopie-1-2048x1448.jpg 2048w, https:\/\/stellamarusch.com\/wp-content\/uploads\/2023\/01\/Impressum-WEB-Kopie-1-18x12.jpg 18w\" sizes=\"auto, (max-width: 1024px) 100vw, 1024px\" \/><span aria-hidden=\"true\" class=\"wp-block-cover__background has-background-dim-0 has-background-dim\"><\/span><div class=\"wp-block-cover__inner-container is-layout-flow wp-block-cover-is-layout-flow\">\n<p><strong>impressum<\/strong><\/p>\n\n\n\n<p>Stella Maria Julie Braasch<br>Liebenwalder Str. 32<br>13347 Berlin<br>Deutschland<\/p>\n\n\n\n<p>info(at)stellamarusch.com<\/p>\n\n\n\n<p><strong>urheberrecht<\/strong><br>Alle Rechte vorbehalten. Texte, Bilder, Grafiken und Videos unterliegen dem Schutz des Urheberrechts und anderer Schutzgesetze. Die Urheberrechte f\u00fcr das auf dieser Website verwendete Bildmaterial liegen bei der K\u00fcnstlerin. Alle Inhalte d\u00fcrfen ohne Genehmigung weder von Benutzern kopiert, verbreitet, ver\u00e4ndert noch Dritten zug\u00e4nglich gemacht werden.<\/p>\n\n\n\n<p><strong>haftungshinweis<\/strong><br>Eine Gew\u00e4hr f\u00fcr die Aktualit\u00e4t, Richtigkeit und Vollst\u00e4ndigkeit der zur Verf\u00fcgung gestellten Informationen kann nicht \u00fcbernommen werden. Trotz sorgf\u00e4ltiger inhaltlicher Kontrolle kann keine Haftung f\u00fcr die Inhalte externer Links \u00fcbernommen werden. F\u00fcr den Inhalt der verlinkten Seiten sind ausschlie\u00dflich deren Betreiber:innen verantwortlich.<\/p>\n\n\n\n<p>\u00a9 2025 Stella Maria Julie Braasch<\/p>\n<\/div><\/div>\n","protected":false},"excerpt":{"rendered":"","protected":false},"author":3,"featured_media":0,"parent":0,"menu_order":40,"comment_status":"closed","ping_status":"closed","template":"page-notitle","meta":{"inline_featured_image":false,"footnotes":""},"class_list":["post-33","page","type-page","status-publish","hentry"],"_links":{"self":[{"href":"https:\/\/stellamarusch.com\/de\/wp-json\/wp\/v2\/pages\/33","targetHints":{"allow":["GET"]}}],"collection":[{"href":"https:\/\/stellamarusch.com\/de\/wp-json\/wp\/v2\/pages"}],"about":[{"href":"https:\/\/stellamarusch.com\/de\/wp-json\/wp\/v2\/types\/page"}],"author":[{"embeddable":true,"href":"https:\/\/stellamarusch.com\/de\/wp-json\/wp\/v2\/users\/3"}],"replies":[{"embeddable":true,"href":"https:\/\/stellamarusch.com\/de\/wp-json\/wp\/v2\/comments?post=33"}],"version-history":[{"count":38,"href":"https:\/\/stellamarusch.com\/de\/wp-json\/wp\/v2\/pages\/33\/revisions"}],"predecessor-version":[{"id":520,"href":"https:\/\/stellamarusch.com\/de\/wp-json\/wp\/v2\/pages\/33\/revisions\/520"}],"wp:attachment":[{"href":"https:\/\/stellamarusch.com\/de\/wp-json\/wp\/v2\/media?parent=33"}],"curies":[{"name":"wp","href":"https:\/\/api.w.org\/{rel}","templated":true}]}}